{"id":611,"date":"2019-05-16T06:57:55","date_gmt":"2019-05-16T06:57:55","guid":{"rendered":"http:\/\/192.168.0.114\/johnfirm\/?page_id=611"},"modified":"2022-03-06T08:49:45","modified_gmt":"2022-03-06T08:49:45","slug":"arii-de-practica","status":"publish","type":"page","link":"https:\/\/legal-clm.ro\/ro\/arii-de-practica\/","title":{"rendered":"Arii de practic\u0103"},"content":{"rendered":"<p>[vc_row full_width=&#8221;stretch_row&#8221; equal_height=&#8221;yes&#8221; css=&#8221;.vc_custom_1561359893718{padding-top: 85px !important;padding-bottom: 120px !important;background-color: #1f2839 !important;}&#8221; el_class=&#8221;mob-plr15&#8243;][vc_column css=&#8221;.vc_custom_1561631581853{margin-bottom: 0px !important;padding-bottom: 0px !important;}&#8221;][vc_row_inner][vc_column_inner width=&#8221;1\/3&#8243;]<div class=\"rs-services\"><div class=\"service-inner services-style-home1 services-left  \">\r\n\t\t\t\t<div class=\"services-wrap\"> \r\n\t\t\t        <div class=\"services-item\"><div class=\"service-img-icon\"><img decoding=\"async\" src=\"https:\/\/legal-clm.ro\/wp-content\/uploads\/2022\/03\/drept-comercial.png\" alt=\" \"><\/div><div class=\"services-desc\"  >\t\r\n\t\t\t\t\t\t\t<h3 class=\"services-title services-title2\" style=\"\"><a data-onhovercolor=\"#b69d74\" data-onleavecolor=\"#ffffff\"  style=\"color: #ffffff;font-size: 22px;\">Drept comercial \u0219i arbitraj<\/a><\/h3>\t\t\r\n\t\t\t\t\t\t\t<p >Contracte \u0219i activit\u0103\u021bi adiacente contractelor, fuziuni, achizi\u021bii sau tranzac\u021bii comerciale, litigii comerciale \u0219i recuper\u0103ri crean\u021be.<\/p>\r\n\t\t\t\t\t\t\t\r\n\t\t\t\t\t\t<\/div>\t\t\r\n\t\t\t\t\t<\/div>\t\r\n\t\t\t\t<\/div>\r\n\t\t\t<\/div>\r\n\t\t<\/div>[\/vc_column_inner][vc_column_inner el_class=&#8221;dark-bg mobc-pt-30&#8243; width=&#8221;1\/3&#8243;]<div class=\"rs-services\"><div class=\"service-inner services-style-home1 services-left  \">\r\n\t\t\t\t<div class=\"services-wrap\"> \r\n\t\t\t        <div class=\"services-item\"><div class=\"service-img-icon\"><img decoding=\"async\" src=\"https:\/\/legal-clm.ro\/wp-content\/uploads\/2022\/03\/drept-penal.png\" alt=\" \"><\/div><div class=\"services-desc\"  >\t\r\n\t\t\t\t\t\t\t<h3 class=\"services-title services-title2\" style=\"\"><a data-onhovercolor=\"#b69d74\" data-onleavecolor=\"#ffffff\"  style=\"color: #ffffff;font-size: 22px;\">Drept penal al afacerilor<\/a><\/h3>\t\t\r\n\t\t\t\t\t\t\t<p >Dreptul penal al afacerilor; infrac\u021bionalitatea economico-financiar\u0103, criminalitatea afacerilor; criminalitatea economico-financiar\u0103.<\/p>\r\n\t\t\t\t\t\t\t\r\n\t\t\t\t\t\t<\/div>\t\t\r\n\t\t\t\t\t<\/div>\t\r\n\t\t\t\t<\/div>\r\n\t\t\t<\/div>\r\n\t\t<\/div>[\/vc_column_inner][vc_column_inner el_class=&#8221;mobc-pt-30&#8243; width=&#8221;1\/3&#8243;]<div class=\"rs-services\"><div class=\"service-inner services-style-home1 services-left  \">\r\n\t\t\t\t<div class=\"services-wrap\"> \r\n\t\t\t        <div class=\"services-item\"><div class=\"service-img-icon\"><img decoding=\"async\" src=\"https:\/\/legal-clm.ro\/wp-content\/uploads\/2022\/03\/taxe-fiscalitate.png\" alt=\" \"><\/div><div class=\"services-desc\"  >\t\r\n\t\t\t\t\t\t\t<h3 class=\"services-title services-title2\" style=\"\"><a data-onhovercolor=\"#b69d74\" data-onleavecolor=\"#ffffff\"  style=\"color: #ffffff;font-size: 22px;\">Dreptul fiscal al afacerilor<\/a><\/h3>\t\t\r\n\t\t\t\t\t\t\t<p >Consultan\u021b\u0103 juridic\u0103 pentru drept procesual fiscal; taxe, impunere \u0219i optimizare fiscal\u0103; finan\u0163e publice; \u015ftiin\u0163a finan\u0163elor; echitate.<\/p>\r\n\t\t\t\t\t\t\t\r\n\t\t\t\t\t\t<\/div>\t\t\r\n\t\t\t\t\t<\/div>\t\r\n\t\t\t\t<\/div>\r\n\t\t\t<\/div>\r\n\t\t<\/div>[\/vc_column_inner][\/vc_row_inner][vc_row_inner css=&#8221;.vc_custom_1561352167594{margin-top: 30px !important;}&#8221;][vc_column_inner el_class=&#8221;mobc-pt-30&#8243; width=&#8221;1\/3&#8243;]<div class=\"rs-services\"><div class=\"service-inner services-style-home1 services-left  \">\r\n\t\t\t\t<div class=\"services-wrap\"> \r\n\t\t\t        <div class=\"services-item\"><div class=\"service-img-icon\"><img decoding=\"async\" src=\"https:\/\/legal-clm.ro\/wp-content\/uploads\/2022\/03\/dreptul-familiei.png\" alt=\" \"><\/div><div class=\"services-desc\"  >\t\r\n\t\t\t\t\t\t\t<h3 class=\"services-title services-title2\" style=\"\"><a data-onhovercolor=\"#b69d74\" data-onleavecolor=\"#ffffff\" href=\"https:\/\/rstheme.com\/products\/wordpress\/advokat\/practice-areas\/personal-injury\/\" title=\"Reliability\" style=\"color: #ffffff;font-size: 22px;\">Dreptul familiei. Dreptul copilului.<\/a><\/h3>\t\t\r\n\t\t\t\t\t\t\t<p >Raporturi juridice personale \u0219i patrimoniale \u00eentre membrii unei familii \u2013 mo\u0219teniri, divor\u021b, parteneriate, partaj, adop\u021bii, custodia copiilor.<\/p>\r\n\t\t\t\t\t\t\t\r\n\t\t\t\t\t\t<\/div>\t\t\r\n\t\t\t\t\t<\/div>\t\r\n\t\t\t\t<\/div>\r\n\t\t\t<\/div>\r\n\t\t<\/div>[\/vc_column_inner][vc_column_inner el_class=&#8221;dark-bg mobc-pt-30&#8243; width=&#8221;1\/3&#8243;]<div class=\"rs-services\"><div class=\"service-inner services-style-home1 services-left  \">\r\n\t\t\t\t<div class=\"services-wrap\"> \r\n\t\t\t        <div class=\"services-item\"><div class=\"service-img-icon\"><img decoding=\"async\" src=\"https:\/\/legal-clm.ro\/wp-content\/uploads\/2022\/03\/proprietate-intelectuala.png\" alt=\" \"><\/div><div class=\"services-desc\"  >\t\r\n\t\t\t\t\t\t\t<h3 class=\"services-title services-title2\" style=\"\"><a data-onhovercolor=\"#b69d74\" data-onleavecolor=\"#ffffff\" href=\"https:\/\/rstheme.com\/products\/wordpress\/advokat\/practice-areas\/personal-injury\/\" title=\"Reliability\" style=\"color: #ffffff;font-size: 22px;\">Proprietate intelectual\u0103<\/a><\/h3>\t\t\r\n\t\t\t\t\t\t\t<p >Drepturi asociate activit\u0103\u021bii intelectuale \u00een domeniile literar, artistic \u0219i \u0219tiin\u021bific. Brevete de inven\u021bie. M\u0103rci \u00eenregistrate. Secrete industriale\/comerciale.<\/p>\r\n\t\t\t\t\t\t\t\r\n\t\t\t\t\t\t<\/div>\t\t\r\n\t\t\t\t\t<\/div>\t\r\n\t\t\t\t<\/div>\r\n\t\t\t<\/div>\r\n\t\t<\/div>[\/vc_column_inner][vc_column_inner el_class=&#8221;mobc-pt-30&#8243; width=&#8221;1\/3&#8243;]<div class=\"rs-services\"><div class=\"service-inner services-style-home1 services-left  \">\r\n\t\t\t\t<div class=\"services-wrap\"> \r\n\t\t\t        <div class=\"services-item\"><div class=\"service-img-icon\"><img decoding=\"async\" src=\"https:\/\/legal-clm.ro\/wp-content\/uploads\/2022\/03\/industrii.png\" alt=\" \"><\/div><div class=\"services-desc\"  >\t\r\n\t\t\t\t\t\t\t<h3 class=\"services-title services-title2\" style=\"\"><a data-onhovercolor=\"#b69d74\" data-onleavecolor=\"#ffffff\"  style=\"color: #ffffff;font-size: 22px;\">Industrii<\/a><\/h3>\t\t\r\n\t\t\t\t\t\t\t<p >Societ\u0103\u021bi comerciale \u0219i organiza\u021bii non-guvernamentale. Energie \u0219i resurse naturale. Industrie farmaceutic\u0103. Transporturi \u0219i avia\u021bie.<\/p>\r\n\t\t\t\t\t\t\t\r\n\t\t\t\t\t\t<\/div>\t\t\r\n\t\t\t\t\t<\/div>\t\r\n\t\t\t\t<\/div>\r\n\t\t\t<\/div>\r\n\t\t<\/div>[\/vc_column_inner][\/vc_row_inner][\/vc_column][\/vc_row][vc_row full_width=&#8221;stretch_row&#8221; el_class=&#8221;sec-border-radius&#8221; css=&#8221;.vc_custom_1561614518472{padding-top: 85px !important;padding-bottom: 60px !important;}&#8221;][vc_column]\r\n        <div class=\"rs-heading style4  vc_custom_1646293922813  text-center\">\r\n        \t<div class=\"title-inner \">\r\n        \t\t       \t\t\r\n\t            <span style=\"color: #b69d74\" class=\"sub-text \">Avoca\u021bii no\u0219trii<\/span>\r\n\t            <h2 class=\"title \" style=\"color: #1f2839\">Face\u021bi cuno\u0219tin\u021b\u0103 cu echipa<\/h2>\r\n\t            <div class=\"title-img bottom-img\"><\/div>\r\n\t        <\/div><\/div><div class=\"rs-team team-slider-style1\">\n\t\t\t<div class=\"team-carousel owl-carousel owl-navigation-yes owl-center\" data-carousel-options=\"{&quot;nav&quot;:true,&quot;dots&quot;:false,&quot;autoplay&quot;:true,&quot;autoplayTimeout&quot;:&quot;5000&quot;,&quot;autoplaySpeed&quot;:&quot;4000&quot;,&quot;autoplayHoverPause&quot;:true,&quot;loop&quot;:true,&quot;center&quot;:true,&quot;margin&quot;:30,&quot;responsive&quot;:{&quot;0&quot;:{&quot;items&quot;:&quot;1&quot;},&quot;576&quot;:{&quot;items&quot;:&quot;2&quot;},&quot;768&quot;:{&quot;items&quot;:&quot;2&quot;},&quot;992&quot;:{&quot;items&quot;:&quot;3&quot;},&quot;1200&quot;:{&quot;items&quot;:&quot;3&quot;}}}\"><div class=\"team-item\">\n\t\t\t\t\t<div class=\"team-inner-wrap\">\n\t\t\t\t\t\t<div class=\"image-wrap\">\n\t\t\t\t\t\t\t<img decoding=\"async\" src=\"https:\/\/legal-clm.ro\/wp-content\/uploads\/2019\/06\/remus.ciuraru.jpg\" alt=\"Remus Ciuraru\" \/>\n\t\t\t\t\t\t\t<div class=\"team-hover-content\">\t\t\t\t\t\t\t\t\n\t\t\t\t\t\t\t\t<div class=\"social-icons1\">\n\t\t\t\t\t\t\t\t\t<a href=\"#\" class=\"social-icon\"><i class=\"fa fa-facebook\"><\/i><\/a> \n\t\t\t\t\t\t\t\t\t<a href=\"#\" class=\"social-icon\"><i class=\"fa fa-google-plus\"><\/i><\/a> \n\t\t\t\t\t\t\t\t\t<a href=\"#\" class=\"social-icon\"><i class=\"fa fa-twitter\"><\/i><\/a>\n\t\t\t\t\t\t\t\t\t<a href=\"#\" class=\"social-icon\"><i class=\"fa fa-linkedin\"><\/i><\/a>\n\t\t\t\t\t\t        <\/div>\n\t\t\t\t\t        <\/div>\n\t\t\t\t\t        \n\t\t\t\t\t\t<\/div>\n\t\t\t\t\t\t<div class=\"team-content1\">\n\t\t\t\t\t\t    <h3 class=\"team-name\"><a href=\"https:\/\/legal-clm.ro\/ro\/avocat\/remus-ciuraru\/\">Remus Ciuraru<\/a><\/h3>\n\t\t\t\t\t\t    <span class=\"team-title\">Partener Fondator<\/span>\n\t\t\t\t\t\t    <div class=\"des\">\n\t\t\t\t\t        \t\n\t\t\t\t\t        <\/div>\n\t\t\t\t\t\t<\/div>\t\t\t\t\n\t\t\t  \t\t<\/div>\n\t\t\t\t<\/div><div class=\"team-item\">\n\t\t\t\t\t<div class=\"team-inner-wrap\">\n\t\t\t\t\t\t<div class=\"image-wrap\">\n\t\t\t\t\t\t\t<img decoding=\"async\" src=\"https:\/\/legal-clm.ro\/wp-content\/uploads\/2019\/06\/decebal.lohan_.jpg\" alt=\"Decebal Lohan\" \/>\n\t\t\t\t\t\t\t<div class=\"team-hover-content\">\t\t\t\t\t\t\t\t\n\t\t\t\t\t\t\t\t<div class=\"social-icons1\">\n\t\t\t\t\t\t\t\t\t<a href=\"#\" class=\"social-icon\"><i class=\"fa fa-facebook\"><\/i><\/a> \n\t\t\t\t\t\t\t\t\t<a href=\"#\" class=\"social-icon\"><i class=\"fa fa-google-plus\"><\/i><\/a> \n\t\t\t\t\t\t\t\t\t<a href=\"#\" class=\"social-icon\"><i class=\"fa fa-twitter\"><\/i><\/a>\n\t\t\t\t\t\t\t\t\t<a href=\"#\" class=\"social-icon\"><i class=\"fa fa-linkedin\"><\/i><\/a>\n\t\t\t\t\t\t        <\/div>\n\t\t\t\t\t        <\/div>\n\t\t\t\t\t        \n\t\t\t\t\t\t<\/div>\n\t\t\t\t\t\t<div class=\"team-content1\">\n\t\t\t\t\t\t    <h3 class=\"team-name\"><a href=\"https:\/\/legal-clm.ro\/ro\/avocat\/decebal-lohan\/\">Decebal Lohan<\/a><\/h3>\n\t\t\t\t\t\t    <span class=\"team-title\">Partener Fondator<\/span>\n\t\t\t\t\t\t    <div class=\"des\">\n\t\t\t\t\t        \t\n\t\t\t\t\t        <\/div>\n\t\t\t\t\t\t<\/div>\t\t\t\t\n\t\t\t  \t\t<\/div>\n\t\t\t\t<\/div><div class=\"team-item\">\n\t\t\t\t\t<div class=\"team-inner-wrap\">\n\t\t\t\t\t\t<div class=\"image-wrap\">\n\t\t\t\t\t\t\t<img decoding=\"async\" src=\"https:\/\/legal-clm.ro\/wp-content\/uploads\/2022\/03\/elena.lung_.jpg\" alt=\"Elena Lung\" \/>\n\t\t\t\t\t\t\t<div class=\"team-hover-content\">\t\t\t\t\t\t\t\t\n\t\t\t\t\t\t\t\t<div class=\"social-icons1\">\n\t\t\t\t\t\t\t\t\t<a href=\"#\" class=\"social-icon\"><i class=\"fa fa-facebook\"><\/i><\/a> \n\t\t\t\t\t\t\t\t\t<a href=\"#\" class=\"social-icon\"><i class=\"fa fa-google-plus\"><\/i><\/a> \n\t\t\t\t\t\t\t\t\t<a href=\"#\" class=\"social-icon\"><i class=\"fa fa-twitter\"><\/i><\/a>\n\t\t\t\t\t\t\t\t\t<a href=\"#\" class=\"social-icon\"><i class=\"fa fa-linkedin\"><\/i><\/a>\n\t\t\t\t\t\t        <\/div>\n\t\t\t\t\t        <\/div>\n\t\t\t\t\t        \n\t\t\t\t\t\t<\/div>\n\t\t\t\t\t\t<div class=\"team-content1\">\n\t\t\t\t\t\t    <h3 class=\"team-name\"><a href=\"https:\/\/legal-clm.ro\/ro\/avocat\/elena-lung\/\">Elena Lung<\/a><\/h3>\n\t\t\t\t\t\t    <span class=\"team-title\">Avocat<\/span>\n\t\t\t\t\t\t    <div class=\"des\">\n\t\t\t\t\t        \t\n\t\t\t\t\t        <\/div>\n\t\t\t\t\t\t<\/div>\t\t\t\t\n\t\t\t  \t\t<\/div>\n\t\t\t\t<\/div><div class=\"team-item\">\n\t\t\t\t\t<div class=\"team-inner-wrap\">\n\t\t\t\t\t\t<div class=\"image-wrap\">\n\t\t\t\t\t\t\t<img decoding=\"async\" src=\"https:\/\/legal-clm.ro\/wp-content\/uploads\/2019\/06\/florina.florescu-2.jpg\" alt=\"Florina Enache\" \/>\n\t\t\t\t\t\t\t<div class=\"team-hover-content\">\t\t\t\t\t\t\t\t\n\t\t\t\t\t\t\t\t<div class=\"social-icons1\">\n\t\t\t\t\t\t\t\t\t<a href=\"#\" class=\"social-icon\"><i class=\"fa fa-facebook\"><\/i><\/a> \n\t\t\t\t\t\t\t\t\t<a href=\"#\" class=\"social-icon\"><i class=\"fa fa-google-plus\"><\/i><\/a> \n\t\t\t\t\t\t\t\t\t<a href=\"#\" class=\"social-icon\"><i class=\"fa fa-twitter\"><\/i><\/a>\n\t\t\t\t\t\t\t\t\t<a href=\"#\" class=\"social-icon\"><i class=\"fa fa-linkedin\"><\/i><\/a>\n\t\t\t\t\t\t        <\/div>\n\t\t\t\t\t        <\/div>\n\t\t\t\t\t        \n\t\t\t\t\t\t<\/div>\n\t\t\t\t\t\t<div class=\"team-content1\">\n\t\t\t\t\t\t    <h3 class=\"team-name\"><a href=\"https:\/\/legal-clm.ro\/ro\/avocat\/florina-enache\/\">Florina Enache<\/a><\/h3>\n\t\t\t\t\t\t    <span class=\"team-title\">Consilier Juridic<\/span>\n\t\t\t\t\t\t    <div class=\"des\">\n\t\t\t\t\t        \t\n\t\t\t\t\t        <\/div>\n\t\t\t\t\t\t<\/div>\t\t\t\t\n\t\t\t  \t\t<\/div>\n\t\t\t\t<\/div><div class=\"team-item\">\n\t\t\t\t\t<div class=\"team-inner-wrap\">\n\t\t\t\t\t\t<div class=\"image-wrap\">\n\t\t\t\t\t\t\t<img decoding=\"async\" src=\"https:\/\/legal-clm.ro\/wp-content\/uploads\/2019\/06\/alexandra.popescu.jpg\" alt=\"Alexandra Popescu\" \/>\n\t\t\t\t\t\t\t<div class=\"team-hover-content\">\t\t\t\t\t\t\t\t\n\t\t\t\t\t\t\t\t<div class=\"social-icons1\">\n\t\t\t\t\t\t\t\t\t<a href=\"#\" class=\"social-icon\"><i class=\"fa fa-facebook\"><\/i><\/a> \n\t\t\t\t\t\t\t\t\t<a href=\"#\" class=\"social-icon\"><i class=\"fa fa-google-plus\"><\/i><\/a> \n\t\t\t\t\t\t\t\t\t<a href=\"#\" class=\"social-icon\"><i class=\"fa fa-twitter\"><\/i><\/a>\n\t\t\t\t\t\t\t\t\t<a href=\"#\" class=\"social-icon\"><i class=\"fa fa-linkedin\"><\/i><\/a>\n\t\t\t\t\t\t        <\/div>\n\t\t\t\t\t        <\/div>\n\t\t\t\t\t        \n\t\t\t\t\t\t<\/div>\n\t\t\t\t\t\t<div class=\"team-content1\">\n\t\t\t\t\t\t    <h3 class=\"team-name\"><a href=\"https:\/\/legal-clm.ro\/ro\/avocat\/alexandra-popescu\/\">Alexandra Popescu<\/a><\/h3>\n\t\t\t\t\t\t    <span class=\"team-title\">Avocat<\/span>\n\t\t\t\t\t\t    <div class=\"des\">\n\t\t\t\t\t        \t\n\t\t\t\t\t        <\/div>\n\t\t\t\t\t\t<\/div>\t\t\t\t\n\t\t\t  \t\t<\/div>\n\t\t\t\t<\/div><div class=\"team-item\">\n\t\t\t\t\t<div class=\"team-inner-wrap\">\n\t\t\t\t\t\t<div class=\"image-wrap\">\n\t\t\t\t\t\t\t<img decoding=\"async\" src=\"https:\/\/legal-clm.ro\/wp-content\/uploads\/2019\/06\/roxana.paunescu.jpg\" alt=\"Roxana P\u0103unescu\" \/>\n\t\t\t\t\t\t\t<div class=\"team-hover-content\">\t\t\t\t\t\t\t\t\n\t\t\t\t\t\t\t\t<div class=\"social-icons1\">\n\t\t\t\t\t\t\t\t\t<a href=\"#\" class=\"social-icon\"><i class=\"fa fa-facebook\"><\/i><\/a> \n\t\t\t\t\t\t\t\t\t<a href=\"#\" class=\"social-icon\"><i class=\"fa fa-google-plus\"><\/i><\/a> \n\t\t\t\t\t\t\t\t\t<a href=\"#\" class=\"social-icon\"><i class=\"fa fa-twitter\"><\/i><\/a>\n\t\t\t\t\t\t\t\t\t<a href=\"#\" class=\"social-icon\"><i class=\"fa fa-linkedin\"><\/i><\/a>\n\t\t\t\t\t\t        <\/div>\n\t\t\t\t\t        <\/div>\n\t\t\t\t\t        \n\t\t\t\t\t\t<\/div>\n\t\t\t\t\t\t<div class=\"team-content1\">\n\t\t\t\t\t\t    <h3 class=\"team-name\"><a href=\"https:\/\/legal-clm.ro\/ro\/avocat\/roxana-paunescu\/\">Roxana P\u0103unescu<\/a><\/h3>\n\t\t\t\t\t\t    <span class=\"team-title\">Avocat<\/span>\n\t\t\t\t\t\t    <div class=\"des\">\n\t\t\t\t\t        \t\n\t\t\t\t\t        <\/div>\n\t\t\t\t\t\t<\/div>\t\t\t\t\n\t\t\t  \t\t<\/div>\n\t\t\t\t<\/div><\/div>\n\t   <div>\n\t <\/div>\n\t<\/div>[\/vc_column][\/vc_row]<\/p>\n","protected":false},"excerpt":{"rendered":"<p>[vc_row full_width=&#8221;stretch_row&#8221; equal_height=&#8221;yes&#8221; css=&#8221;.vc_custom_1561359893718{padding-top: 85px !important;padding-bottom: 120px !important;background-color: #1f2839 !important;}&#8221; el_class=&#8221;mob-plr15&#8243;][vc_column css=&#8221;.vc_custom_1561631581853{margin-bottom: 0px !important;padding-bottom: 0px !important;}&#8221;][vc_row_inner][vc_column_inner width=&#8221;1\/3&#8243;][\/vc_column_inner][vc_column_inner el_class=&#8221;dark-bg mobc-pt-30&#8243; width=&#8221;1\/3&#8243;][\/vc_column_inner][vc_column_inner el_class=&#8221;mobc-pt-30&#8243; width=&#8221;1\/3&#8243;][\/vc_column_inner][\/vc_row_inner][vc_row_inner css=&#8221;.vc_custom_1561352167594{margin-top: 30px !important;}&#8221;][vc_column_inner el_class=&#8221;mobc-pt-30&#8243; width=&#8221;1\/3&#8243;][\/vc_column_inner][vc_column_inner el_class=&#8221;dark-bg mobc-pt-30&#8243; width=&#8221;1\/3&#8243;][\/vc_column_inner][vc_column_inner el_class=&#8221;mobc-pt-30&#8243; width=&#8221;1\/3&#8243;][\/vc_column_inner][\/vc_row_inner][\/vc_column][\/vc_row][vc_row full_width=&#8221;stretch_row&#8221; el_class=&#8221;sec-border-radius&#8221; css=&#8221;.vc_custom_1561614518472{padding-top: 85px !important;padding-bottom: 60px !important;}&#8221;][vc_column][\/vc_column]&#8230;<\/p>\n","protected":false},"author":1,"featured_media":0,"parent":0,"menu_order":0,"comment_status":"closed","ping_status":"closed","template":"","meta":{"_monsterinsights_skip_tracking":false,"_monsterinsights_sitenote_active":false,"_monsterinsights_sitenote_note":"","_monsterinsights_sitenote_category":0,"footnotes":""},"class_list":["post-611","page","type-page","status-publish","hentry"],"aioseo_notices":[],"_links":{"self":[{"href":"https:\/\/legal-clm.ro\/ro\/wp-json\/wp\/v2\/pages\/611","targetHints":{"allow":["GET"]}}],"collection":[{"href":"https:\/\/legal-clm.ro\/ro\/wp-json\/wp\/v2\/pages"}],"about":[{"href":"https:\/\/legal-clm.ro\/ro\/wp-json\/wp\/v2\/types\/page"}],"author":[{"embeddable":true,"href":"https:\/\/legal-clm.ro\/ro\/wp-json\/wp\/v2\/users\/1"}],"replies":[{"embeddable":true,"href":"https:\/\/legal-clm.ro\/ro\/wp-json\/wp\/v2\/comments?post=611"}],"version-history":[{"count":45,"href":"https:\/\/legal-clm.ro\/ro\/wp-json\/wp\/v2\/pages\/611\/revisions"}],"predecessor-version":[{"id":3186,"href":"https:\/\/legal-clm.ro\/ro\/wp-json\/wp\/v2\/pages\/611\/revisions\/3186"}],"wp:attachment":[{"href":"https:\/\/legal-clm.ro\/ro\/wp-json\/wp\/v2\/media?parent=611"}],"curies":[{"name":"wp","href":"https:\/\/api.w.org\/{rel}","templated":true}]}}