{"id":14,"date":"2019-05-06T06:38:13","date_gmt":"2019-05-06T06:38:13","guid":{"rendered":"http:\/\/localhost\/johnfirm\/?page_id=14"},"modified":"2022-03-06T07:37:30","modified_gmt":"2022-03-06T07:37:30","slug":"despre-noi","status":"publish","type":"page","link":"https:\/\/legal-clm.ro\/ro\/despre-noi\/","title":{"rendered":"Despre noi"},"content":{"rendered":"<p>[vc_row equal_height=&#8221;yes&#8221; content_placement=&#8221;middle&#8221; css=&#8221;.vc_custom_1646552239163{padding-top: 60px !important;padding-bottom: 60px !important;}&#8221;][vc_column width=&#8221;5\/12&#8243;][vc_single_image image=&#8221;3022&#8243; img_size=&#8221;full&#8221; css=&#8221;.vc_custom_1646294809181{margin-bottom: 0px !important;}&#8221;][\/vc_column][vc_column width=&#8221;7\/12&#8243; css=&#8221;.vc_custom_1561629935456{padding-left: 50px !important;}&#8221; el_class=&#8221;mobc-pl30 mobc-pt-40&#8243;]\r\n        <div class=\"rs-heading   vc_custom_1646293387372  \">\r\n        \t<div class=\"title-inner \">\r\n        \t\t       \t\t\r\n\t            <span class=\"sub-text \">Despre noi<\/span>\r\n\t            <h2 class=\"title \">Bine ai venit la<br \/>\nCiuraru, Lohan, Manole \u0219i Asocia\u021bii<\/h2>\r\n\t            <div class=\"title-img bottom-img\"><\/div>\r\n\t        <\/div><\/div>[vc_column_text]Societatea de avocatur\u0103 a fost \u00eenfiin\u0163at\u0103 \u00een anul 2005 de c\u0103tre membrii fondatori Remus Ciuraru, Decebal Lohan \u015fi Ioana Gabriela Manole, din dorin\u0163a de a crea o echip\u0103 de avoca\u0163i profesionist\u0103, dinamic\u0103, specializat\u0103 \u00een diversele ramuri de drept, gata oric\u00e2nd s\u0103 ofere clien\u0163ilor s\u0103i cele mai bune servicii personalizate, bazate pe nevoile fiec\u0103ruia.<\/p>\n<p>Principiile care stau la baza func\u0163ion\u0103rii societ\u0103\u0163ii noastre ne-au ajutat s\u0103 cl\u0103dim, de-a lungul timpului, rela\u0163ii de durat\u0103 cu clien\u0163ii, ace\u015ftia \u015ftiind c\u0103 pot conta oricand pe profesionalismul, loialitatea, confiden\u0163ialitatea \u015fi integritatea echipei noastre de avoca\u0163i.<\/p>\n<p>Asisten\u021ba juridic\u0103 pe care o oferim este complex\u0103, reprezent\u00e2nd clientul at\u00e2t \u00een fa\u021ba instan\u0163ele din \u0163ar\u0103, c\u00e2t \u015fi \u00een cele din str\u0103in\u0103tate, av\u00e2nd la activ numeroase cauze c\u00e2\u015ftigate.<\/p>\n<p>Unitatea de m\u0103sur\u0103 pe care o promov\u0103m pentru calificarea serviciilor noastre este succesul clien\u021bilor no\u0219tri, pentru c\u0103 succesul lor este \u015fi succesul nostru.[\/vc_column_text][\/vc_column][\/vc_row][vc_row full_width=&#8221;stretch_row&#8221; el_class=&#8221;sec-border-radius&#8221; css=&#8221;.vc_custom_1646552248778{padding-top: 60px !important;padding-bottom: 60px !important;}&#8221;][vc_column]\r\n        <div class=\"rs-heading style4  vc_custom_1646293881547  text-center\">\r\n        \t<div class=\"title-inner \">\r\n        \t\t       \t\t\r\n\t            <span style=\"color: #b69d74\" class=\"sub-text \">Avoca\u021bii no\u0219trii<\/span>\r\n\t            <h2 class=\"title \">Face\u021bi cuno\u0219tin\u021b\u0103 cu echipa<\/h2>\r\n\t            <div class=\"title-img bottom-img\"><\/div>\r\n\t        <\/div><\/div><div class=\"rs-team team-slider-style1\">\n\t\t\t<div class=\"team-carousel owl-carousel owl-navigation-yes owl-center\" data-carousel-options=\"{&quot;nav&quot;:true,&quot;dots&quot;:false,&quot;autoplay&quot;:true,&quot;autoplayTimeout&quot;:&quot;5000&quot;,&quot;autoplaySpeed&quot;:&quot;4000&quot;,&quot;autoplayHoverPause&quot;:true,&quot;loop&quot;:true,&quot;center&quot;:true,&quot;margin&quot;:30,&quot;responsive&quot;:{&quot;0&quot;:{&quot;items&quot;:&quot;1&quot;},&quot;576&quot;:{&quot;items&quot;:&quot;2&quot;},&quot;768&quot;:{&quot;items&quot;:&quot;2&quot;},&quot;992&quot;:{&quot;items&quot;:&quot;3&quot;},&quot;1200&quot;:{&quot;items&quot;:&quot;3&quot;}}}\"><div class=\"team-item\">\n\t\t\t\t\t<div class=\"team-inner-wrap\">\n\t\t\t\t\t\t<div class=\"image-wrap\">\n\t\t\t\t\t\t\t<img decoding=\"async\" src=\"https:\/\/legal-clm.ro\/wp-content\/uploads\/2019\/06\/remus.ciuraru.jpg\" alt=\"Remus Ciuraru\" \/>\n\t\t\t\t\t\t\t<div class=\"team-hover-content\">\t\t\t\t\t\t\t\t\n\t\t\t\t\t\t\t\t<div class=\"social-icons1\">\n\t\t\t\t\t\t\t\t\t<a href=\"#\" class=\"social-icon\"><i class=\"fa fa-facebook\"><\/i><\/a> \n\t\t\t\t\t\t\t\t\t<a href=\"#\" class=\"social-icon\"><i class=\"fa fa-google-plus\"><\/i><\/a> \n\t\t\t\t\t\t\t\t\t<a href=\"#\" class=\"social-icon\"><i class=\"fa fa-twitter\"><\/i><\/a>\n\t\t\t\t\t\t\t\t\t<a href=\"#\" class=\"social-icon\"><i class=\"fa fa-linkedin\"><\/i><\/a>\n\t\t\t\t\t\t        <\/div>\n\t\t\t\t\t        <\/div>\n\t\t\t\t\t        \n\t\t\t\t\t\t<\/div>\n\t\t\t\t\t\t<div class=\"team-content1\">\n\t\t\t\t\t\t    <h3 class=\"team-name\"><a href=\"https:\/\/legal-clm.ro\/ro\/avocat\/remus-ciuraru-en\/\">Remus Ciuraru<\/a><\/h3>\n\t\t\t\t\t\t    <span class=\"team-title\">Founding Partner<\/span>\n\t\t\t\t\t\t    <div class=\"des\">\n\t\t\t\t\t        \t\n\t\t\t\t\t        <\/div>\n\t\t\t\t\t\t<\/div>\t\t\t\t\n\t\t\t  \t\t<\/div>\n\t\t\t\t<\/div><div class=\"team-item\">\n\t\t\t\t\t<div class=\"team-inner-wrap\">\n\t\t\t\t\t\t<div class=\"image-wrap\">\n\t\t\t\t\t\t\t<img decoding=\"async\" src=\"https:\/\/legal-clm.ro\/wp-content\/uploads\/2019\/06\/decebal.lohan_.jpg\" alt=\"Decebal Lohan\" \/>\n\t\t\t\t\t\t\t<div class=\"team-hover-content\">\t\t\t\t\t\t\t\t\n\t\t\t\t\t\t\t\t<div class=\"social-icons1\">\n\t\t\t\t\t\t\t\t\t<a href=\"#\" class=\"social-icon\"><i class=\"fa fa-facebook\"><\/i><\/a> \n\t\t\t\t\t\t\t\t\t<a href=\"#\" class=\"social-icon\"><i class=\"fa fa-google-plus\"><\/i><\/a> \n\t\t\t\t\t\t\t\t\t<a href=\"#\" class=\"social-icon\"><i class=\"fa fa-twitter\"><\/i><\/a>\n\t\t\t\t\t\t\t\t\t<a href=\"#\" class=\"social-icon\"><i class=\"fa fa-linkedin\"><\/i><\/a>\n\t\t\t\t\t\t        <\/div>\n\t\t\t\t\t        <\/div>\n\t\t\t\t\t        \n\t\t\t\t\t\t<\/div>\n\t\t\t\t\t\t<div class=\"team-content1\">\n\t\t\t\t\t\t    <h3 class=\"team-name\"><a href=\"https:\/\/legal-clm.ro\/ro\/avocat\/decebal-lohan-en\/\">Decebal Lohan<\/a><\/h3>\n\t\t\t\t\t\t    <span class=\"team-title\">Founding Partner<\/span>\n\t\t\t\t\t\t    <div class=\"des\">\n\t\t\t\t\t        \t\n\t\t\t\t\t        <\/div>\n\t\t\t\t\t\t<\/div>\t\t\t\t\n\t\t\t  \t\t<\/div>\n\t\t\t\t<\/div><div class=\"team-item\">\n\t\t\t\t\t<div class=\"team-inner-wrap\">\n\t\t\t\t\t\t<div class=\"image-wrap\">\n\t\t\t\t\t\t\t<img decoding=\"async\" src=\"https:\/\/legal-clm.ro\/wp-content\/uploads\/2022\/03\/elena.lung_.jpg\" alt=\"Elena Lung\" \/>\n\t\t\t\t\t\t\t<div class=\"team-hover-content\">\t\t\t\t\t\t\t\t\n\t\t\t\t\t\t\t\t<div class=\"social-icons1\">\n\t\t\t\t\t\t\t\t\t<a href=\"#\" class=\"social-icon\"><i class=\"fa fa-facebook\"><\/i><\/a> \n\t\t\t\t\t\t\t\t\t<a href=\"#\" class=\"social-icon\"><i class=\"fa fa-google-plus\"><\/i><\/a> \n\t\t\t\t\t\t\t\t\t<a href=\"#\" class=\"social-icon\"><i class=\"fa fa-twitter\"><\/i><\/a>\n\t\t\t\t\t\t\t\t\t<a href=\"#\" class=\"social-icon\"><i class=\"fa fa-linkedin\"><\/i><\/a>\n\t\t\t\t\t\t        <\/div>\n\t\t\t\t\t        <\/div>\n\t\t\t\t\t        \n\t\t\t\t\t\t<\/div>\n\t\t\t\t\t\t<div class=\"team-content1\">\n\t\t\t\t\t\t    <h3 class=\"team-name\"><a href=\"https:\/\/legal-clm.ro\/ro\/avocat\/elena-lung-en\/\">Elena Lung<\/a><\/h3>\n\t\t\t\t\t\t    <span class=\"team-title\">Attorney<\/span>\n\t\t\t\t\t\t    <div class=\"des\">\n\t\t\t\t\t        \t\n\t\t\t\t\t        <\/div>\n\t\t\t\t\t\t<\/div>\t\t\t\t\n\t\t\t  \t\t<\/div>\n\t\t\t\t<\/div><div class=\"team-item\">\n\t\t\t\t\t<div class=\"team-inner-wrap\">\n\t\t\t\t\t\t<div class=\"image-wrap\">\n\t\t\t\t\t\t\t<img decoding=\"async\" src=\"https:\/\/legal-clm.ro\/wp-content\/uploads\/2019\/06\/florina.florescu-2.jpg\" alt=\"Florina Florescu\" \/>\n\t\t\t\t\t\t\t<div class=\"team-hover-content\">\t\t\t\t\t\t\t\t\n\t\t\t\t\t\t\t\t<div class=\"social-icons1\">\n\t\t\t\t\t\t\t\t\t<a href=\"#\" class=\"social-icon\"><i class=\"fa fa-facebook\"><\/i><\/a> \n\t\t\t\t\t\t\t\t\t<a href=\"#\" class=\"social-icon\"><i class=\"fa fa-google-plus\"><\/i><\/a> \n\t\t\t\t\t\t\t\t\t<a href=\"#\" class=\"social-icon\"><i class=\"fa fa-twitter\"><\/i><\/a>\n\t\t\t\t\t\t\t\t\t<a href=\"#\" class=\"social-icon\"><i class=\"fa fa-linkedin\"><\/i><\/a>\n\t\t\t\t\t\t        <\/div>\n\t\t\t\t\t        <\/div>\n\t\t\t\t\t        \n\t\t\t\t\t\t<\/div>\n\t\t\t\t\t\t<div class=\"team-content1\">\n\t\t\t\t\t\t    <h3 class=\"team-name\"><a href=\"https:\/\/legal-clm.ro\/ro\/avocat\/florina-florescu-en\/\">Florina Florescu<\/a><\/h3>\n\t\t\t\t\t\t    <span class=\"team-title\">Mediator<\/span>\n\t\t\t\t\t\t    <div class=\"des\">\n\t\t\t\t\t        \t\n\t\t\t\t\t        <\/div>\n\t\t\t\t\t\t<\/div>\t\t\t\t\n\t\t\t  \t\t<\/div>\n\t\t\t\t<\/div><div class=\"team-item\">\n\t\t\t\t\t<div class=\"team-inner-wrap\">\n\t\t\t\t\t\t<div class=\"image-wrap\">\n\t\t\t\t\t\t\t<img decoding=\"async\" src=\"https:\/\/legal-clm.ro\/wp-content\/uploads\/2019\/06\/alexandra.popescu.jpg\" alt=\"Alexandra Popescu\" \/>\n\t\t\t\t\t\t\t<div class=\"team-hover-content\">\t\t\t\t\t\t\t\t\n\t\t\t\t\t\t\t\t<div class=\"social-icons1\">\n\t\t\t\t\t\t\t\t\t<a href=\"#\" class=\"social-icon\"><i class=\"fa fa-facebook\"><\/i><\/a> \n\t\t\t\t\t\t\t\t\t<a href=\"#\" class=\"social-icon\"><i class=\"fa fa-google-plus\"><\/i><\/a> \n\t\t\t\t\t\t\t\t\t<a href=\"#\" class=\"social-icon\"><i class=\"fa fa-twitter\"><\/i><\/a>\n\t\t\t\t\t\t\t\t\t<a href=\"#\" class=\"social-icon\"><i class=\"fa fa-linkedin\"><\/i><\/a>\n\t\t\t\t\t\t        <\/div>\n\t\t\t\t\t        <\/div>\n\t\t\t\t\t        \n\t\t\t\t\t\t<\/div>\n\t\t\t\t\t\t<div class=\"team-content1\">\n\t\t\t\t\t\t    <h3 class=\"team-name\"><a href=\"https:\/\/legal-clm.ro\/ro\/avocat\/alexandra-popescu-2\/\">Alexandra Popescu<\/a><\/h3>\n\t\t\t\t\t\t    <span class=\"team-title\">Lawyer<\/span>\n\t\t\t\t\t\t    <div class=\"des\">\n\t\t\t\t\t        \t\n\t\t\t\t\t        <\/div>\n\t\t\t\t\t\t<\/div>\t\t\t\t\n\t\t\t  \t\t<\/div>\n\t\t\t\t<\/div><div class=\"team-item\">\n\t\t\t\t\t<div class=\"team-inner-wrap\">\n\t\t\t\t\t\t<div class=\"image-wrap\">\n\t\t\t\t\t\t\t<img decoding=\"async\" src=\"https:\/\/legal-clm.ro\/wp-content\/uploads\/2019\/06\/roxana.paunescu.jpg\" alt=\"Roxana P\u0103unescu\" \/>\n\t\t\t\t\t\t\t<div class=\"team-hover-content\">\t\t\t\t\t\t\t\t\n\t\t\t\t\t\t\t\t<div class=\"social-icons1\">\n\t\t\t\t\t\t\t\t\t<a href=\"#\" class=\"social-icon\"><i class=\"fa fa-facebook\"><\/i><\/a> \n\t\t\t\t\t\t\t\t\t<a href=\"#\" class=\"social-icon\"><i class=\"fa fa-google-plus\"><\/i><\/a> \n\t\t\t\t\t\t\t\t\t<a href=\"#\" class=\"social-icon\"><i class=\"fa fa-twitter\"><\/i><\/a>\n\t\t\t\t\t\t\t\t\t<a href=\"#\" class=\"social-icon\"><i class=\"fa fa-linkedin\"><\/i><\/a>\n\t\t\t\t\t\t        <\/div>\n\t\t\t\t\t        <\/div>\n\t\t\t\t\t        \n\t\t\t\t\t\t<\/div>\n\t\t\t\t\t\t<div class=\"team-content1\">\n\t\t\t\t\t\t    <h3 class=\"team-name\"><a href=\"https:\/\/legal-clm.ro\/ro\/avocat\/roxana-paunescu-2\/\">Roxana P\u0103unescu<\/a><\/h3>\n\t\t\t\t\t\t    <span class=\"team-title\">Attorney<\/span>\n\t\t\t\t\t\t    <div class=\"des\">\n\t\t\t\t\t        \t\n\t\t\t\t\t        <\/div>\n\t\t\t\t\t\t<\/div>\t\t\t\t\n\t\t\t  \t\t<\/div>\n\t\t\t\t<\/div><div class=\"team-item\">\n\t\t\t\t\t<div class=\"team-inner-wrap\">\n\t\t\t\t\t\t<div class=\"image-wrap\">\n\t\t\t\t\t\t\t<img decoding=\"async\" src=\"https:\/\/legal-clm.ro\/wp-content\/uploads\/2019\/06\/remus.ciuraru.jpg\" alt=\"Remus Ciuraru\" \/>\n\t\t\t\t\t\t\t<div class=\"team-hover-content\">\t\t\t\t\t\t\t\t\n\t\t\t\t\t\t\t\t<div class=\"social-icons1\">\n\t\t\t\t\t\t\t\t\t<a href=\"#\" class=\"social-icon\"><i class=\"fa fa-facebook\"><\/i><\/a> \n\t\t\t\t\t\t\t\t\t<a href=\"#\" class=\"social-icon\"><i class=\"fa fa-google-plus\"><\/i><\/a> \n\t\t\t\t\t\t\t\t\t<a href=\"#\" class=\"social-icon\"><i class=\"fa fa-twitter\"><\/i><\/a>\n\t\t\t\t\t\t\t\t\t<a href=\"#\" class=\"social-icon\"><i class=\"fa fa-linkedin\"><\/i><\/a>\n\t\t\t\t\t\t        <\/div>\n\t\t\t\t\t        <\/div>\n\t\t\t\t\t        \n\t\t\t\t\t\t<\/div>\n\t\t\t\t\t\t<div class=\"team-content1\">\n\t\t\t\t\t\t    <h3 class=\"team-name\"><a href=\"https:\/\/legal-clm.ro\/ro\/avocat\/remus-ciuraru\/\">Remus Ciuraru<\/a><\/h3>\n\t\t\t\t\t\t    <span class=\"team-title\">Partener Fondator<\/span>\n\t\t\t\t\t\t    <div class=\"des\">\n\t\t\t\t\t        \t\n\t\t\t\t\t        <\/div>\n\t\t\t\t\t\t<\/div>\t\t\t\t\n\t\t\t  \t\t<\/div>\n\t\t\t\t<\/div><div class=\"team-item\">\n\t\t\t\t\t<div class=\"team-inner-wrap\">\n\t\t\t\t\t\t<div class=\"image-wrap\">\n\t\t\t\t\t\t\t<img decoding=\"async\" src=\"https:\/\/legal-clm.ro\/wp-content\/uploads\/2019\/06\/decebal.lohan_.jpg\" alt=\"Decebal Lohan\" \/>\n\t\t\t\t\t\t\t<div class=\"team-hover-content\">\t\t\t\t\t\t\t\t\n\t\t\t\t\t\t\t\t<div class=\"social-icons1\">\n\t\t\t\t\t\t\t\t\t<a href=\"#\" class=\"social-icon\"><i class=\"fa fa-facebook\"><\/i><\/a> \n\t\t\t\t\t\t\t\t\t<a href=\"#\" class=\"social-icon\"><i class=\"fa fa-google-plus\"><\/i><\/a> \n\t\t\t\t\t\t\t\t\t<a href=\"#\" class=\"social-icon\"><i class=\"fa fa-twitter\"><\/i><\/a>\n\t\t\t\t\t\t\t\t\t<a href=\"#\" class=\"social-icon\"><i class=\"fa fa-linkedin\"><\/i><\/a>\n\t\t\t\t\t\t        <\/div>\n\t\t\t\t\t        <\/div>\n\t\t\t\t\t        \n\t\t\t\t\t\t<\/div>\n\t\t\t\t\t\t<div class=\"team-content1\">\n\t\t\t\t\t\t    <h3 class=\"team-name\"><a href=\"https:\/\/legal-clm.ro\/ro\/avocat\/decebal-lohan\/\">Decebal Lohan<\/a><\/h3>\n\t\t\t\t\t\t    <span class=\"team-title\">Partener Fondator<\/span>\n\t\t\t\t\t\t    <div class=\"des\">\n\t\t\t\t\t        \t\n\t\t\t\t\t        <\/div>\n\t\t\t\t\t\t<\/div>\t\t\t\t\n\t\t\t  \t\t<\/div>\n\t\t\t\t<\/div><div class=\"team-item\">\n\t\t\t\t\t<div class=\"team-inner-wrap\">\n\t\t\t\t\t\t<div class=\"image-wrap\">\n\t\t\t\t\t\t\t<img decoding=\"async\" src=\"https:\/\/legal-clm.ro\/wp-content\/uploads\/2022\/03\/elena.lung_.jpg\" alt=\"Elena Lung\" \/>\n\t\t\t\t\t\t\t<div class=\"team-hover-content\">\t\t\t\t\t\t\t\t\n\t\t\t\t\t\t\t\t<div class=\"social-icons1\">\n\t\t\t\t\t\t\t\t\t<a href=\"#\" class=\"social-icon\"><i class=\"fa fa-facebook\"><\/i><\/a> \n\t\t\t\t\t\t\t\t\t<a href=\"#\" class=\"social-icon\"><i class=\"fa fa-google-plus\"><\/i><\/a> \n\t\t\t\t\t\t\t\t\t<a href=\"#\" class=\"social-icon\"><i class=\"fa fa-twitter\"><\/i><\/a>\n\t\t\t\t\t\t\t\t\t<a href=\"#\" class=\"social-icon\"><i class=\"fa fa-linkedin\"><\/i><\/a>\n\t\t\t\t\t\t        <\/div>\n\t\t\t\t\t        <\/div>\n\t\t\t\t\t        \n\t\t\t\t\t\t<\/div>\n\t\t\t\t\t\t<div class=\"team-content1\">\n\t\t\t\t\t\t    <h3 class=\"team-name\"><a href=\"https:\/\/legal-clm.ro\/ro\/avocat\/elena-lung\/\">Elena Lung<\/a><\/h3>\n\t\t\t\t\t\t    <span class=\"team-title\">Avocat<\/span>\n\t\t\t\t\t\t    <div class=\"des\">\n\t\t\t\t\t        \t\n\t\t\t\t\t        <\/div>\n\t\t\t\t\t\t<\/div>\t\t\t\t\n\t\t\t  \t\t<\/div>\n\t\t\t\t<\/div><div class=\"team-item\">\n\t\t\t\t\t<div class=\"team-inner-wrap\">\n\t\t\t\t\t\t<div class=\"image-wrap\">\n\t\t\t\t\t\t\t<img decoding=\"async\" src=\"https:\/\/legal-clm.ro\/wp-content\/uploads\/2019\/06\/florina.florescu-2.jpg\" alt=\"Florina Enache\" \/>\n\t\t\t\t\t\t\t<div class=\"team-hover-content\">\t\t\t\t\t\t\t\t\n\t\t\t\t\t\t\t\t<div class=\"social-icons1\">\n\t\t\t\t\t\t\t\t\t<a href=\"#\" class=\"social-icon\"><i class=\"fa fa-facebook\"><\/i><\/a> \n\t\t\t\t\t\t\t\t\t<a href=\"#\" class=\"social-icon\"><i class=\"fa fa-google-plus\"><\/i><\/a> \n\t\t\t\t\t\t\t\t\t<a href=\"#\" class=\"social-icon\"><i class=\"fa fa-twitter\"><\/i><\/a>\n\t\t\t\t\t\t\t\t\t<a href=\"#\" class=\"social-icon\"><i class=\"fa fa-linkedin\"><\/i><\/a>\n\t\t\t\t\t\t        <\/div>\n\t\t\t\t\t        <\/div>\n\t\t\t\t\t        \n\t\t\t\t\t\t<\/div>\n\t\t\t\t\t\t<div class=\"team-content1\">\n\t\t\t\t\t\t    <h3 class=\"team-name\"><a href=\"https:\/\/legal-clm.ro\/ro\/avocat\/florina-enache\/\">Florina Enache<\/a><\/h3>\n\t\t\t\t\t\t    <span class=\"team-title\">Consilier Juridic<\/span>\n\t\t\t\t\t\t    <div class=\"des\">\n\t\t\t\t\t        \t\n\t\t\t\t\t        <\/div>\n\t\t\t\t\t\t<\/div>\t\t\t\t\n\t\t\t  \t\t<\/div>\n\t\t\t\t<\/div><div class=\"team-item\">\n\t\t\t\t\t<div class=\"team-inner-wrap\">\n\t\t\t\t\t\t<div class=\"image-wrap\">\n\t\t\t\t\t\t\t<img decoding=\"async\" src=\"https:\/\/legal-clm.ro\/wp-content\/uploads\/2019\/06\/alexandra.popescu.jpg\" alt=\"Alexandra Popescu\" \/>\n\t\t\t\t\t\t\t<div class=\"team-hover-content\">\t\t\t\t\t\t\t\t\n\t\t\t\t\t\t\t\t<div class=\"social-icons1\">\n\t\t\t\t\t\t\t\t\t<a href=\"#\" class=\"social-icon\"><i class=\"fa fa-facebook\"><\/i><\/a> \n\t\t\t\t\t\t\t\t\t<a href=\"#\" class=\"social-icon\"><i class=\"fa fa-google-plus\"><\/i><\/a> \n\t\t\t\t\t\t\t\t\t<a href=\"#\" class=\"social-icon\"><i class=\"fa fa-twitter\"><\/i><\/a>\n\t\t\t\t\t\t\t\t\t<a href=\"#\" class=\"social-icon\"><i class=\"fa fa-linkedin\"><\/i><\/a>\n\t\t\t\t\t\t        <\/div>\n\t\t\t\t\t        <\/div>\n\t\t\t\t\t        \n\t\t\t\t\t\t<\/div>\n\t\t\t\t\t\t<div class=\"team-content1\">\n\t\t\t\t\t\t    <h3 class=\"team-name\"><a href=\"https:\/\/legal-clm.ro\/ro\/avocat\/alexandra-popescu\/\">Alexandra Popescu<\/a><\/h3>\n\t\t\t\t\t\t    <span class=\"team-title\">Avocat<\/span>\n\t\t\t\t\t\t    <div class=\"des\">\n\t\t\t\t\t        \t\n\t\t\t\t\t        <\/div>\n\t\t\t\t\t\t<\/div>\t\t\t\t\n\t\t\t  \t\t<\/div>\n\t\t\t\t<\/div><div class=\"team-item\">\n\t\t\t\t\t<div class=\"team-inner-wrap\">\n\t\t\t\t\t\t<div class=\"image-wrap\">\n\t\t\t\t\t\t\t<img decoding=\"async\" src=\"https:\/\/legal-clm.ro\/wp-content\/uploads\/2019\/06\/roxana.paunescu.jpg\" alt=\"Roxana P\u0103unescu\" \/>\n\t\t\t\t\t\t\t<div class=\"team-hover-content\">\t\t\t\t\t\t\t\t\n\t\t\t\t\t\t\t\t<div class=\"social-icons1\">\n\t\t\t\t\t\t\t\t\t<a href=\"#\" class=\"social-icon\"><i class=\"fa fa-facebook\"><\/i><\/a> \n\t\t\t\t\t\t\t\t\t<a href=\"#\" class=\"social-icon\"><i class=\"fa fa-google-plus\"><\/i><\/a> \n\t\t\t\t\t\t\t\t\t<a href=\"#\" class=\"social-icon\"><i class=\"fa fa-twitter\"><\/i><\/a>\n\t\t\t\t\t\t\t\t\t<a href=\"#\" class=\"social-icon\"><i class=\"fa fa-linkedin\"><\/i><\/a>\n\t\t\t\t\t\t        <\/div>\n\t\t\t\t\t        <\/div>\n\t\t\t\t\t        \n\t\t\t\t\t\t<\/div>\n\t\t\t\t\t\t<div class=\"team-content1\">\n\t\t\t\t\t\t    <h3 class=\"team-name\"><a href=\"https:\/\/legal-clm.ro\/ro\/avocat\/roxana-paunescu\/\">Roxana P\u0103unescu<\/a><\/h3>\n\t\t\t\t\t\t    <span class=\"team-title\">Avocat<\/span>\n\t\t\t\t\t\t    <div class=\"des\">\n\t\t\t\t\t        \t\n\t\t\t\t\t        <\/div>\n\t\t\t\t\t\t<\/div>\t\t\t\t\n\t\t\t  \t\t<\/div>\n\t\t\t\t<\/div><\/div>\n\t   <div>\n\t <\/div>\n\t<\/div>[\/vc_column][\/vc_row]<\/p>\n","protected":false},"excerpt":{"rendered":"<p>[vc_row equal_height=&#8221;yes&#8221; content_placement=&#8221;middle&#8221; css=&#8221;.vc_custom_1646552239163{padding-top: 60px !important;padding-bottom: 60px !important;}&#8221;][vc_column width=&#8221;5\/12&#8243;][vc_single_image image=&#8221;3022&#8243; img_size=&#8221;full&#8221; css=&#8221;.vc_custom_1646294809181{margin-bottom: 0px !important;}&#8221;][\/vc_column][vc_column width=&#8221;7\/12&#8243; css=&#8221;.vc_custom_1561629935456{padding-left: 50px !important;}&#8221; el_class=&#8221;mobc-pl30 mobc-pt-40&#8243;][vc_column_text]Societatea de avocatur\u0103 a fost \u00eenfiin\u0163at\u0103 \u00een anul 2005 de c\u0103tre membrii fondatori Remus Ciuraru, Decebal Lohan \u015fi Ioana Gabriela Manole, din dorin\u0163a de a crea o echip\u0103 de avoca\u0163i profesionist\u0103, dinamic\u0103, specializat\u0103 \u00een diversele ramuri&#8230;<\/p>\n","protected":false},"author":1,"featured_media":0,"parent":0,"menu_order":0,"comment_status":"closed","ping_status":"closed","template":"","meta":{"_monsterinsights_skip_tracking":false,"_monsterinsights_sitenote_active":false,"_monsterinsights_sitenote_note":"","_monsterinsights_sitenote_category":0,"footnotes":""},"class_list":["post-14","page","type-page","status-publish","hentry"],"aioseo_notices":[],"_links":{"self":[{"href":"https:\/\/legal-clm.ro\/ro\/wp-json\/wp\/v2\/pages\/14","targetHints":{"allow":["GET"]}}],"collection":[{"href":"https:\/\/legal-clm.ro\/ro\/wp-json\/wp\/v2\/pages"}],"about":[{"href":"https:\/\/legal-clm.ro\/ro\/wp-json\/wp\/v2\/types\/page"}],"author":[{"embeddable":true,"href":"https:\/\/legal-clm.ro\/ro\/wp-json\/wp\/v2\/users\/1"}],"replies":[{"embeddable":true,"href":"https:\/\/legal-clm.ro\/ro\/wp-json\/wp\/v2\/comments?post=14"}],"version-history":[{"count":15,"href":"https:\/\/legal-clm.ro\/ro\/wp-json\/wp\/v2\/pages\/14\/revisions"}],"predecessor-version":[{"id":3166,"href":"https:\/\/legal-clm.ro\/ro\/wp-json\/wp\/v2\/pages\/14\/revisions\/3166"}],"wp:attachment":[{"href":"https:\/\/legal-clm.ro\/ro\/wp-json\/wp\/v2\/media?parent=14"}],"curies":[{"name":"wp","href":"https:\/\/api.w.org\/{rel}","templated":true}]}}